{"id":1430,"date":"2018-09-05T15:57:08","date_gmt":"2018-09-05T15:57:08","guid":{"rendered":"http:\/\/www.lusitanistone.com\/sv\/?post_type=product&#038;p=1430"},"modified":"2018-09-05T15:57:08","modified_gmt":"2018-09-05T15:57:08","slug":"rosa-moncao-2","status":"publish","type":"product","link":"http:\/\/www.lusitanistone.com\/sv\/produto\/rosa-moncao-2\/","title":{"rendered":"Rosa Mon\u00e7\u00e3o"},"content":{"rendered":"<p>[vc_row][vc_column][vc_column_text]Rosa Mon\u00e7\u00e3o[\/vc_column_text][\/vc_column][\/vc_row]<\/p>\n","protected":false},"excerpt":{"rendered":"<p>[vc_row][vc_column][vc_column_text]Rosa Mon\u00e7\u00e3o[\/vc_column_text][\/vc_column][\/vc_row]<\/p>\n","protected":false},"featured_media":1431,"template":"","meta":[],"product_cat":[52,50],"product_tag":[],"_links":{"self":[{"href":"http:\/\/www.lusitanistone.com\/sv\/wp-json\/wp\/v2\/product\/1430"}],"collection":[{"href":"http:\/\/www.lusitanistone.com\/sv\/wp-json\/wp\/v2\/product"}],"about":[{"href":"http:\/\/www.lusitanistone.com\/sv\/wp-json\/wp\/v2\/types\/product"}],"wp:featuredmedia":[{"embeddable":true,"href":"http:\/\/www.lusitanistone.com\/sv\/wp-json\/wp\/v2\/media\/1431"}],"wp:attachment":[{"href":"http:\/\/www.lusitanistone.com\/sv\/wp-json\/wp\/v2\/media?parent=1430"}],"wp:term":[{"taxonomy":"product_cat","embeddable":true,"href":"http:\/\/www.lusitanistone.com\/sv\/wp-json\/wp\/v2\/product_cat?post=1430"},{"taxonomy":"product_tag","embeddable":true,"href":"http:\/\/www.lusitanistone.com\/sv\/wp-json\/wp\/v2\/product_tag?post=1430"}],"curies":[{"name":"wp","href":"https:\/\/api.w.org\/{rel}","templated":true}]}}